{"id":2493,"date":"2025-08-01T07:42:18","date_gmt":"2025-08-01T05:42:18","guid":{"rendered":"https:\/\/www.herbstwind-online.de\/wordpress\/?page_id=2493"},"modified":"2025-11-22T10:16:03","modified_gmt":"2025-11-22T09:16:03","slug":"bernd-strassel","status":"publish","type":"page","link":"https:\/\/www.herbstwind-online.de\/wordpress\/bernd-strassel\/","title":{"rendered":"Bernd Strassel"},"content":{"rendered":"\n<figure class=\"wp-block-image size-large\"><img loading=\"lazy\" decoding=\"async\" width=\"1024\" height=\"576\" src=\"https:\/\/www.herbstwind-online.de\/wordpress\/wp-content\/uploads\/2019\/06\/2020-01-14-1900-schneiden_DSC_6739-1024x576.jpg\" alt=\"Bernd Strassel in seinem B\u00fcro\" class=\"wp-image-1169\" srcset=\"https:\/\/www.herbstwind-online.de\/wordpress\/wp-content\/uploads\/2019\/06\/2020-01-14-1900-schneiden_DSC_6739-1024x576.jpg 1024w, https:\/\/www.herbstwind-online.de\/wordpress\/wp-content\/uploads\/2019\/06\/2020-01-14-1900-schneiden_DSC_6739-300x169.jpg 300w, https:\/\/www.herbstwind-online.de\/wordpress\/wp-content\/uploads\/2019\/06\/2020-01-14-1900-schneiden_DSC_6739-768x432.jpg 768w, https:\/\/www.herbstwind-online.de\/wordpress\/wp-content\/uploads\/2019\/06\/2020-01-14-1900-schneiden_DSC_6739-1536x864.jpg 1536w, https:\/\/www.herbstwind-online.de\/wordpress\/wp-content\/uploads\/2019\/06\/2020-01-14-1900-schneiden_DSC_6739.jpg 1920w\" sizes=\"auto, (max-width: 1024px) 100vw, 1024px\" \/><\/figure>\n\n\n\n<h3 class=\"wp-block-heading\"><strong>Ich bin dabei \u2013 weil Technik Menschen verbinden kann<\/strong><\/h3>\n\n\n\n<p><em>Ein Beitrag von Bernd Strassel<\/em><\/p>\n\n\n\n<p>Ich hei\u00dfe <strong>Bernd Strassel<\/strong> und geh\u00f6re zur <em><strong>Herbstwind-online<\/strong>-Redaktion<\/em> seit Beginn an. Die Idee zu diesem Projekt entstand bei der KVHS S\u00fcdwestpfalz, und schon damals war klar: Ich sollte mich vor allem um die technische Seite k\u00fcmmern. Urspr\u00fcnglich dachten wir an eine einfache Online-Version der Seniorenzeitschrift <em>Herbstwind<\/em>. Doch das Redaktionsteam sollte sich von Anfang an selbst steuern \u2013 und genau dadurch kam es anders, und viel spannender.<\/p>\n\n\n\n<p>Neben dem <strong>Aufbau der Plattform<\/strong> und der technischen Umsetzung geh\u00f6rte von Beginn an auch die <strong>Schulung<\/strong> unserer Redaktionsmitglieder zu meinen Aufgaben. Denn was n\u00fctzt die beste Technik, wenn sie niemand bedienen kann? Ich habe gezeigt, wie man Beitr\u00e4ge erstellt, Bilder einf\u00fcgt oder einen Podcast erstellt \u2013 und dabei oft selbst gestaunt, wie schnell sich Wissen teilt, wenn man es gemeinsam entdeckt.<\/p>\n\n\n\n<p>Medien haben mich schon als Jugendlicher fasziniert. Damals arbeitete ich mit Super-8-Filmen, Dias und viel Tipp-Ex im Copy-Shop. Sp\u00e4ter kamen VHS, Hi-8 und irgendwann der erste Tintenstrahldrucker dazu. Meine erste Homepage entstand 1996, also noch im letzten Jahrtausend \u2013 und seither hat mich das Web nicht mehr losgelassen.<\/p>\n\n\n\n<p>Inzwischen habe ich \u00fcber 70.000 Fotos, mehr als 800 Filme und rund 200 Webseiten unterschiedlichster Gr\u00f6\u00dfe erstellt. Zurzeit betreue ich den Online-Auftritt von \u00fcber zehn Organisationen \u2013 viele davon inklusive Social-Media-Kan\u00e4len. Seit 2011 hatte ich meinen ersten YouTube-Kanal, und daraus entstand 2015 mein Tauch- und Reisekanal <strong><a href=\"https:\/\/www.youtube.com\/@wasserspatz\" target=\"_blank\" rel=\"noreferrer noopener\">wasserspatz.de<\/a><\/strong>. Seit 2024 berichte ich dort auch mit <a href=\"https:\/\/www.youtube.com\/playlist?list=PLmXjM5rOEHy-anVIadud0R6wIEd3gVcDC\" target=\"_blank\" rel=\"noreferrer noopener\"><strong>360\u00b0-Videos<\/strong><\/a> von meinen Reisen \u2013 eine neue Perspektive, die mich besonders begeistert.<\/p>\n\n\n\n<p>Heute ist <em><strong>Herbstwind-online<\/strong><\/em> ein vielseitiges Portal, in dem sich Menschen aus der Region mit ihren Geschichten, Erfahrungen und Blickwinkeln einbringen. Ich bin nicht st\u00e4ndig im Vordergrund aktiv \u2013 aber wenn technische Unterst\u00fctzung gebraucht wird, bin ich da: beim Ver\u00f6ffentlichen von Beitr\u00e4gen, beim Einf\u00fcgen von Medien oder mit Kamera und Mikrofon f\u00fcr Foto- und Filmaufnahmen.<\/p>\n\n\n\n<p>Was mich an der Redaktionsarbeit besonders begeistert, sind die Gespr\u00e4che. Denn hinter jedem Beitrag steckt oft mehr, als man beim ersten Lesen sieht. Die leisen Geschichten hinter der Geschichte \u2013 das ist der Stoff, den ich besonders spannend finde.<\/p>\n\n\n\n<p>Ich bin eher bildorientiert, kein klassischer \u201eSchreiber\u201c, aber strukturiert, technikbegeistert und offen f\u00fcr alles, was sich weiterentwickeln l\u00e4sst.<\/p>\n\n\n\n<p><strong>Und wenn du jetzt \u00fcberlegst, ob du selbst mitmachen willst: Komm einfach mal vorbei! Unsere Sitzungen sind meist in Pr\u00e4senz, locker, kreativ und offen f\u00fcr neue Ideen \u2013 manchmal der Anfang von etwas richtig Gutem.<\/strong><\/p>\n\n\n\n<hr class=\"wp-block-separator has-alpha-channel-opacity\"\/>\n\n\n\n<h3 class=\"wp-block-heading\">Eigene Webseiten :<\/h3>\n\n\n\n<div class=\"wp-block-columns is-layout-flex wp-container-core-columns-is-layout-9d6595d7 wp-block-columns-is-layout-flex\">\n<div class=\"wp-block-column is-layout-flow wp-block-column-is-layout-flow\">\n<figure class=\"wp-block-image size-large\"><a href=\"http:\/\/www.bernd-strassel.de\"><img loading=\"lazy\" decoding=\"async\" width=\"560\" height=\"303\" src=\"http:\/\/www.herbstwind-online.de\/wordpress\/wp-content\/uploads\/2020\/11\/2020-11-06-screenshot.jpg\" alt=\"\" class=\"wp-image-1176\" srcset=\"https:\/\/www.herbstwind-online.de\/wordpress\/wp-content\/uploads\/2020\/11\/2020-11-06-screenshot.jpg 560w, https:\/\/www.herbstwind-online.de\/wordpress\/wp-content\/uploads\/2020\/11\/2020-11-06-screenshot-300x162.jpg 300w\" sizes=\"auto, (max-width: 560px) 100vw, 560px\" \/><\/a><\/figure>\n\n\n\n<p><a href=\"http:\/\/www.bernd-strassel.de\">www.bernd-strassel.de<\/a><\/p>\n<\/div>\n\n\n\n<div class=\"wp-block-column is-layout-flow wp-block-column-is-layout-flow\">\n<figure class=\"wp-block-image size-large\"><a href=\"http:\/\/www.wasserspatz.de\"><img loading=\"lazy\" decoding=\"async\" width=\"560\" height=\"303\" src=\"http:\/\/www.herbstwind-online.de\/wordpress\/wp-content\/uploads\/2020\/11\/2020-10-29-screenshot.jpg\" alt=\"\" class=\"wp-image-1172\" srcset=\"https:\/\/www.herbstwind-online.de\/wordpress\/wp-content\/uploads\/2020\/11\/2020-10-29-screenshot.jpg 560w, https:\/\/www.herbstwind-online.de\/wordpress\/wp-content\/uploads\/2020\/11\/2020-10-29-screenshot-300x162.jpg 300w\" sizes=\"auto, (max-width: 560px) 100vw, 560px\" \/><\/a><\/figure>\n\n\n\n<p><a href=\"http:\/\/www.wasserspatz.de\">www.wasserspatz.de<\/a><\/p>\n<\/div>\n\n\n\n<div class=\"wp-block-column is-layout-flow wp-block-column-is-layout-flow\">\n<figure class=\"wp-block-image size-large\"><img loading=\"lazy\" decoding=\"async\" width=\"560\" height=\"303\" src=\"http:\/\/www.herbstwind-online.de\/wordpress\/wp-content\/uploads\/2020\/11\/2020-11-06-screenshot-1.jpg\" alt=\"\" class=\"wp-image-1178\" srcset=\"https:\/\/www.herbstwind-online.de\/wordpress\/wp-content\/uploads\/2020\/11\/2020-11-06-screenshot-1.jpg 560w, https:\/\/www.herbstwind-online.de\/wordpress\/wp-content\/uploads\/2020\/11\/2020-11-06-screenshot-1-300x162.jpg 300w\" sizes=\"auto, (max-width: 560px) 100vw, 560px\" \/><\/figure>\n\n\n\n<p><a href=\"http:\/\/www.strassel.com\">www.strassel.com<\/a><\/p>\n<\/div>\n<\/div>\n\n\n\n<p><\/p>\n","protected":false},"excerpt":{"rendered":"<p>Ich bin dabei \u2013 weil Technik Menschen verbinden kann Ein Beitrag von Bernd Strassel Ich hei\u00dfe Bernd Strassel und geh\u00f6re zur Herbstwind-online-Redaktion seit Beginn an. &hellip; <\/p>\n","protected":false},"author":1,"featured_media":0,"parent":0,"menu_order":0,"comment_status":"closed","ping_status":"closed","template":"","meta":{"footnotes":""},"class_list":["post-2493","page","type-page","status-publish","hentry"],"_links":{"self":[{"href":"https:\/\/www.herbstwind-online.de\/wordpress\/wp-json\/wp\/v2\/pages\/2493","targetHints":{"allow":["GET"]}}],"collection":[{"href":"https:\/\/www.herbstwind-online.de\/wordpress\/wp-json\/wp\/v2\/pages"}],"about":[{"href":"https:\/\/www.herbstwind-online.de\/wordpress\/wp-json\/wp\/v2\/types\/page"}],"author":[{"embeddable":true,"href":"https:\/\/www.herbstwind-online.de\/wordpress\/wp-json\/wp\/v2\/users\/1"}],"replies":[{"embeddable":true,"href":"https:\/\/www.herbstwind-online.de\/wordpress\/wp-json\/wp\/v2\/comments?post=2493"}],"version-history":[{"count":5,"href":"https:\/\/www.herbstwind-online.de\/wordpress\/wp-json\/wp\/v2\/pages\/2493\/revisions"}],"predecessor-version":[{"id":2643,"href":"https:\/\/www.herbstwind-online.de\/wordpress\/wp-json\/wp\/v2\/pages\/2493\/revisions\/2643"}],"wp:attachment":[{"href":"https:\/\/www.herbstwind-online.de\/wordpress\/wp-json\/wp\/v2\/media?parent=2493"}],"curies":[{"name":"wp","href":"https:\/\/api.w.org\/{rel}","templated":true}]}}