{"id":2708,"date":"2026-01-16T15:12:15","date_gmt":"2026-01-16T14:12:15","guid":{"rendered":"https:\/\/www.herbstwind-online.de\/wordpress\/?page_id=2708"},"modified":"2026-01-16T15:21:23","modified_gmt":"2026-01-16T14:21:23","slug":"sylvia-schaefer","status":"publish","type":"page","link":"https:\/\/www.herbstwind-online.de\/wordpress\/sylvia-schaefer\/","title":{"rendered":"Sylvia Sch\u00e4fer"},"content":{"rendered":"\n<p>Ich bin dabei und freue mich, mit Ihnen in Kontakt zu treten und mich vorzustellen.<\/p>\n\n\n\n<p><strong>\u00dcber mich: <\/strong>Mein Name ist Sylvia Sch\u00e4fer, geboren und aufgewachsen im Landkreis Pirmasens, mitten im Pf\u00e4lzerwald.<br><br>Neben dem Schreiben liebe ich es zu wandern. Auf den Wegen meiner Heimat finde ich Ruhe und Inspiration. Die Natur mit ihrem Wechsel der Jahreszeiten, das Spiel von Licht und Schatten zwischen den B\u00e4umen, die Stille alter Buntsandsteinfelsen inspirieren mich, helfen mir, Kraft zu tanken. Gedanken werden klarer und Ideen k\u00f6nnen flie\u00dfen.<br><br><strong>\u00dcber das Schreiben: <\/strong>Das Schreiben begleitet mich schon lange \u2013 zun\u00e4chst nur im Privaten, sp\u00e4ter dann beruflich in einer technischen Redaktion. Dort habe ich Anleitungen und Dokumentationen verfasst \u2013 Texte, die klar, pr\u00e4zise und verst\u00e4ndlich sein mussten. Mit dem Austritt aus dem Berufsleben wagte ich den Schritt in eine andere Richtung, entdeckte meine Leidenschaft f\u00fcr das kreative Schreiben und tauchte in eine v\u00f6llig neue Welt ein. Aber sie ist nicht nur neu, sondern auch frei. Ich darf mit Worten spielen, Ihnen Geschichten erz\u00e4hlen, Figuren erschaffen und ihnen Leben einhauchen, die Nuancen ihrer Gef\u00fchlswelt zeigen, Bilder malen, Welten bauen und so vieles mehr.<\/p>\n\n\n\n<p><strong>Mein Weg zur Herbstwindredaktion:<\/strong> Eine Freundin hatte mich zu einer Sitzung der Herbstwindredaktion eingeladen. Dort traf ich auf Menschen, die mit der gleichen Leidenschaft schreiben, an ihren Texten feilen und lebhaft diskutieren. Teil dieser Gemeinschaft zu sein, beteiligt daran zu sein, wie gro\u00dfartige Geschichten entstehen, ist eine Bereicherung f\u00fcr mich, f\u00fcr die ich von Herzen dankbar bin.<\/p>\n\n\n\n<p><strong>Meine Ziele:<\/strong> Ich m\u00f6chte Sie als Leser entf\u00fchren, Sie meine Geschichten erleben lassen, Ihnen eine Auszeit schenken, von allem, was gerade um Sie herum passiert. <\/p>\n\n\n\n<p>Derzeit \u00fcberarbeite ich das Manuskript meines Deb\u00fctromans \u2013 ein aufregendes und erf\u00fcllendes Projekt, das zeigt, dass neue Tr\u00e4ume in jedem Lebensabschnitt Wurzeln schlagen k\u00f6nnen.<\/p>\n\n\n\n<p><strong>Und Sie?<\/strong> Schreiben Sie gerne, oder w\u00fcrden Sie es gerne tun? Das Team der Herbstwindredaktion l\u00e4dt Sie herzlich ein.<a href=\"https:\/\/www.herbstwind-online.de\/wordpress\/2025\/12\/04\/seniorencfe-trifft-sich\/\" target=\"_blank\" rel=\"noreferrer noopener\"> Schauen Sie gerne bei einem unserer Treffen vorbei.<\/a> Wir freuen uns auf Sie!<\/p>\n\n\n\n<p><\/p>\n","protected":false},"excerpt":{"rendered":"<p>Ich bin dabei und freue mich, mit Ihnen in Kontakt zu treten und mich vorzustellen. \u00dcber mich: Mein Name ist Sylvia Sch\u00e4fer, geboren und aufgewachsen &hellip; <\/p>\n","protected":false},"author":8,"featured_media":0,"parent":0,"menu_order":0,"comment_status":"closed","ping_status":"closed","template":"","meta":{"footnotes":""},"class_list":["post-2708","page","type-page","status-publish","hentry"],"_links":{"self":[{"href":"https:\/\/www.herbstwind-online.de\/wordpress\/wp-json\/wp\/v2\/pages\/2708","targetHints":{"allow":["GET"]}}],"collection":[{"href":"https:\/\/www.herbstwind-online.de\/wordpress\/wp-json\/wp\/v2\/pages"}],"about":[{"href":"https:\/\/www.herbstwind-online.de\/wordpress\/wp-json\/wp\/v2\/types\/page"}],"author":[{"embeddable":true,"href":"https:\/\/www.herbstwind-online.de\/wordpress\/wp-json\/wp\/v2\/users\/8"}],"replies":[{"embeddable":true,"href":"https:\/\/www.herbstwind-online.de\/wordpress\/wp-json\/wp\/v2\/comments?post=2708"}],"version-history":[{"count":3,"href":"https:\/\/www.herbstwind-online.de\/wordpress\/wp-json\/wp\/v2\/pages\/2708\/revisions"}],"predecessor-version":[{"id":2713,"href":"https:\/\/www.herbstwind-online.de\/wordpress\/wp-json\/wp\/v2\/pages\/2708\/revisions\/2713"}],"wp:attachment":[{"href":"https:\/\/www.herbstwind-online.de\/wordpress\/wp-json\/wp\/v2\/media?parent=2708"}],"curies":[{"name":"wp","href":"https:\/\/api.w.org\/{rel}","templated":true}]}}