{"id":2728,"date":"2026-01-18T13:53:36","date_gmt":"2026-01-18T12:53:36","guid":{"rendered":"https:\/\/www.herbstwind-online.de\/wordpress\/?page_id=2728"},"modified":"2026-02-13T15:21:05","modified_gmt":"2026-02-13T14:21:05","slug":"sabine-veit-von-der-schweigerin-zur-schreiberin","status":"publish","type":"page","link":"https:\/\/www.herbstwind-online.de\/wordpress\/sabine-veit-von-der-schweigerin-zur-schreiberin\/","title":{"rendered":"Sabine Veit &#8211; Von der Schweigerin zur Schreiberin"},"content":{"rendered":"<div class=\"wp-block-image\">\n<figure class=\"alignleft size-large is-resized\"><img loading=\"lazy\" decoding=\"async\" width=\"771\" height=\"1024\" src=\"https:\/\/www.herbstwind-online.de\/wordpress\/wp-content\/uploads\/2026\/01\/u7748771984_Gentle_waterfall_composed_entirely_of_handwritten_c629ed84-748c-4af3-8f1a-73d8e7065fb9_3-771x1024.png\" alt=\"\" class=\"wp-image-2677\" style=\"aspect-ratio:0.7529411764705882;width:505px;height:auto\" srcset=\"https:\/\/www.herbstwind-online.de\/wordpress\/wp-content\/uploads\/2026\/01\/u7748771984_Gentle_waterfall_composed_entirely_of_handwritten_c629ed84-748c-4af3-8f1a-73d8e7065fb9_3-771x1024.png 771w, https:\/\/www.herbstwind-online.de\/wordpress\/wp-content\/uploads\/2026\/01\/u7748771984_Gentle_waterfall_composed_entirely_of_handwritten_c629ed84-748c-4af3-8f1a-73d8e7065fb9_3-226x300.png 226w, https:\/\/www.herbstwind-online.de\/wordpress\/wp-content\/uploads\/2026\/01\/u7748771984_Gentle_waterfall_composed_entirely_of_handwritten_c629ed84-748c-4af3-8f1a-73d8e7065fb9_3-768x1020.png 768w, https:\/\/www.herbstwind-online.de\/wordpress\/wp-content\/uploads\/2026\/01\/u7748771984_Gentle_waterfall_composed_entirely_of_handwritten_c629ed84-748c-4af3-8f1a-73d8e7065fb9_3.png 928w\" sizes=\"auto, (max-width: 771px) 100vw, 771px\" \/><figcaption class=\"wp-element-caption\">Wasserfall KI generiert<\/figcaption><\/figure>\n<\/div>\n\n\n<p>Ich h\u00e4tte mir fr\u00fcher nie tr\u00e4umen lassen, dass ich jemals schreiben w\u00fcrde!<\/p>\n\n\n\n<p>Lesen? <\/p>\n\n\n\n<p>Ja, das war in unserer Familie schon immer eine Selbstverst\u00e4ndlichkeit, aber schreiben?<\/p>\n\n\n\n<p> Meine Familie findet heute noch, dass ich regelm\u00e4\u00dfig sehr merkw\u00fcrdige Hobbys habe. Aber was hat mich letzten Endes zum Schreiben gebracht? Eigentlich waren es die Geschichten, die ich erz\u00e4hlen wollte. Erlebnisse, sch\u00f6ne und sehr unsch\u00f6ne, die ich anders nicht erz\u00e4hlen konnte.<\/p>\n\n\n\n<p>Kennen Sie die Theorie, dass Menschen, die stottern, flie\u00dfend alles zum Ausdruck bringen k\u00f6nnen, sobald sie es singen? Bei mir funktioniert das, sobald ich anfange zu schreiben. Dann redet mir niemand dazwischen, dann unterbricht mich niemand, dann sieht mich niemand fragend an. <\/p>\n\n\n\n<p>Es gibt nur mich, meinen Computer und meine Geschichte. Und wenn ich geschrieben habe, dann ist mein Herz leichter.<\/p>\n\n\n\n<div style=\"height:29px\" aria-hidden=\"true\" class=\"wp-block-spacer\"><\/div>\n\n\n\n<h2 class=\"wp-block-heading\">Meine Schreibgeschichte<\/h2>\n\n\n\n<p>Seit den Anf\u00e4ngen von herbstwind-online.de schreibe ich hier und habe erlebt, wie sich sowohl die Seite als auch ich als Autorin entwickelt haben. Neben meinen Artikeln f\u00fcr Herbstwind schreibe ich auch Romane &#8211; von Fantasy \u00fcber Thriller bis zu autobiographischen Geschichten \u00fcber toxische Beziehungen. Diese Erleichterung war nur der Anfang. Durch meine Schreibausbildung habe ich gelernt, dass es nicht reicht, wichtige Themen nur zu benennen &#8211; ich m\u00f6chte, dass sie die Herzen der Leser wirklich erreichen.<\/p>\n\n\n\n<h2 class=\"wp-block-heading\">Meine B\u00fccher<\/h2>\n\n\n\n<p>Aktuell besch\u00e4ftigt mich das Selbstbild der Frauen in unserer Gesellschaft sehr &#8211; ein Thema, das auch in meinem aktuellen Mystery-Thriller &#8218;CALIGO&#8216; eine zentrale Rolle spielt, wo Frauen in einer geheimen magischen Gesellschaft gegen eine manipulative \u00dcbermacht k\u00e4mpfen. Regina ist eine Frau, die ihre eigene Magie vergessen hatte \u2013 und sich dann ihrer Kraft bewusst wird und die M\u00e4chtigen der Welt in ihre Schranken verweist. Eine Wunschvorstellung, das ist mir klar. <\/p>\n\n\n\n<figure class=\"wp-block-gallery has-nested-images columns-3 is-cropped has-cyan-bluish-gray-background-color has-background wp-block-gallery-1 is-layout-flex wp-block-gallery-is-layout-flex\">\n<figure class=\"wp-block-image size-large\"><img loading=\"lazy\" decoding=\"async\" width=\"724\" height=\"1024\" data-id=\"2730\" src=\"https:\/\/www.herbstwind-online.de\/wordpress\/wp-content\/uploads\/2026\/01\/Kopie-von-Caligo-Band-1-1-724x1024.jpg\" alt=\"\" class=\"wp-image-2730\" srcset=\"https:\/\/www.herbstwind-online.de\/wordpress\/wp-content\/uploads\/2026\/01\/Kopie-von-Caligo-Band-1-1-724x1024.jpg 724w, https:\/\/www.herbstwind-online.de\/wordpress\/wp-content\/uploads\/2026\/01\/Kopie-von-Caligo-Band-1-1-212x300.jpg 212w, https:\/\/www.herbstwind-online.de\/wordpress\/wp-content\/uploads\/2026\/01\/Kopie-von-Caligo-Band-1-1-768x1086.jpg 768w, https:\/\/www.herbstwind-online.de\/wordpress\/wp-content\/uploads\/2026\/01\/Kopie-von-Caligo-Band-1-1-1086x1536.jpg 1086w, https:\/\/www.herbstwind-online.de\/wordpress\/wp-content\/uploads\/2026\/01\/Kopie-von-Caligo-Band-1-1.jpg 1414w\" sizes=\"auto, (max-width: 724px) 100vw, 724px\" \/><\/figure>\n\n\n\n<figure class=\"wp-block-image size-large is-style-default\"><img loading=\"lazy\" decoding=\"async\" width=\"655\" height=\"1024\" data-id=\"2731\" src=\"https:\/\/www.herbstwind-online.de\/wordpress\/wp-content\/uploads\/2026\/01\/Vorderseite-655x1024.jpg\" alt=\"\" class=\"wp-image-2731\" srcset=\"https:\/\/www.herbstwind-online.de\/wordpress\/wp-content\/uploads\/2026\/01\/Vorderseite-655x1024.jpg 655w, https:\/\/www.herbstwind-online.de\/wordpress\/wp-content\/uploads\/2026\/01\/Vorderseite-192x300.jpg 192w, https:\/\/www.herbstwind-online.de\/wordpress\/wp-content\/uploads\/2026\/01\/Vorderseite-768x1201.jpg 768w, https:\/\/www.herbstwind-online.de\/wordpress\/wp-content\/uploads\/2026\/01\/Vorderseite.jpg 940w\" sizes=\"auto, (max-width: 655px) 100vw, 655px\" \/><\/figure>\n\n\n\n<figure class=\"wp-block-image size-large is-style-default\"><img loading=\"lazy\" decoding=\"async\" width=\"691\" height=\"1024\" data-id=\"2732\" src=\"https:\/\/www.herbstwind-online.de\/wordpress\/wp-content\/uploads\/2026\/01\/Cover-Walther-Ebook-691x1024.jpg\" alt=\"\" class=\"wp-image-2732\" srcset=\"https:\/\/www.herbstwind-online.de\/wordpress\/wp-content\/uploads\/2026\/01\/Cover-Walther-Ebook-691x1024.jpg 691w, https:\/\/www.herbstwind-online.de\/wordpress\/wp-content\/uploads\/2026\/01\/Cover-Walther-Ebook-202x300.jpg 202w, https:\/\/www.herbstwind-online.de\/wordpress\/wp-content\/uploads\/2026\/01\/Cover-Walther-Ebook-768x1138.jpg 768w, https:\/\/www.herbstwind-online.de\/wordpress\/wp-content\/uploads\/2026\/01\/Cover-Walther-Ebook.jpg 996w\" sizes=\"auto, (max-width: 691px) 100vw, 691px\" \/><\/figure>\n<\/figure>\n\n\n\n<p>Weiteres f\u00fcr Autoren gerne unter<a href=\"http:\/\/www.pfaelzer-sauklaue.de\"> www.pfaelzer-sauklaue.de<\/a><\/p>\n\n\n\n<p>F\u00fcr Leser\/innen gerne unter <a href=\"http:\/\/www.sabineveit.de\">www.sabineveit.de<\/a><\/p>\n\n\n\n<div style=\"height:14px\" aria-hidden=\"true\" class=\"wp-block-spacer\"><\/div>\n\n\n\n<h2 class=\"wp-block-heading\">Meine aktuelle Leidenschaft<\/h2>\n\n\n\n<p>Wir blicken auf Frauen anderer V\u00f6lker meist etwas herablassend, bem\u00e4ngeln ihren mangelnden Selbstwert oder die eingeschr\u00e4nkten Freiheiten. Doch wie ist es in unserer Gesellschaft? Wir dulden nach wie vor, dass Frauen zerst\u00f6rt werden &#8211; f\u00fcr ihr Aussehen, ihr Gewicht, ihre Kleidung &#8211; w\u00e4hrend ihre Leistungen ignoriert werden. Ein \u00fcbergewichtiger m\u00e4nnlicher Politiker wird f\u00fcr seine Politik kritisiert, eine \u00fcbergewichtige Politikerin f\u00fcr ihr Aussehen.<\/p>\n\n\n\n<p>Ich finde, wenn wir irgendwo kehren wollen, dann sollten wir vor unserer eigenen Haust\u00fcr damit beginnen. \u2013 Noch so eine Sache, die ich normalerweise herunterschlucke. Aber wenn ich schreibe, dann kann ich nicht mehr schweigen, das \u00f6ffnet Tore und ich muss einfach die Wahrheit sagen.<\/p>\n\n\n\n<h2 class=\"wp-block-heading\">Letzte Beitr\u00e4ge<\/h2>\n\n\n<ul class=\"wp-block-latest-posts__list wp-block-latest-posts\"><li><a class=\"wp-block-latest-posts__post-title\" href=\"https:\/\/www.herbstwind-online.de\/wordpress\/2025\/12\/28\/der-silvester-grinch\/\">Der Silvester-Grinch<\/a><\/li>\n<li><a class=\"wp-block-latest-posts__post-title\" href=\"https:\/\/www.herbstwind-online.de\/wordpress\/2025\/12\/07\/wie-wars\/\">Wie wars?<\/a><\/li>\n<li><a class=\"wp-block-latest-posts__post-title\" href=\"https:\/\/www.herbstwind-online.de\/wordpress\/2025\/11\/01\/ueber-gewichtig\/\">(\u00dcber-) Gewichtig?<\/a><\/li>\n<li><a class=\"wp-block-latest-posts__post-title\" href=\"https:\/\/www.herbstwind-online.de\/wordpress\/2025\/09\/12\/im-fitnessstudio\/\">Im Fitnessstudio<\/a><\/li>\n<li><a class=\"wp-block-latest-posts__post-title\" href=\"https:\/\/www.herbstwind-online.de\/wordpress\/2025\/07\/18\/grosse-stimme-klein-geredet\/\">Gro\u00dfe Stimme &#8211; klein geredet<\/a><\/li>\n<li><a class=\"wp-block-latest-posts__post-title\" href=\"https:\/\/www.herbstwind-online.de\/wordpress\/2025\/06\/23\/sitzung-der-herbstwind-redaktion-vom-20-juni-2025\/\">Sitzung der Herbstwind-Redaktion vom 20. Juni 2025<\/a><\/li>\n<li><a class=\"wp-block-latest-posts__post-title\" href=\"https:\/\/www.herbstwind-online.de\/wordpress\/2025\/06\/12\/wie-ich-den-apfelkuchen-wieder-schmecken-konnte\/\">Wie ich den Apfelkuchen wieder schmecken konnte<\/a><\/li>\n<li><a class=\"wp-block-latest-posts__post-title\" href=\"https:\/\/www.herbstwind-online.de\/wordpress\/2025\/05\/10\/redaktionssitzung-mit-rhabarberkuchen-und-vielen-ideen-%f0%9f%98%8a\/\">Redaktionssitzung mit Rhabarberkuchen und vielen Ideen &#x1f60a;<\/a><\/li>\n<li><a class=\"wp-block-latest-posts__post-title\" href=\"https:\/\/www.herbstwind-online.de\/wordpress\/2025\/04\/19\/grauzone-wenn-das-leben-nicht-nur-hell-ist\/\">\u201eGrauzone\u201c \u2013 Wenn das Leben nicht nur hell ist<\/a><\/li>\n<li><a class=\"wp-block-latest-posts__post-title\" href=\"https:\/\/www.herbstwind-online.de\/wordpress\/2024\/12\/09\/das-13-ei\/\">Das 13. Ei<\/a><\/li>\n<\/ul>","protected":false},"excerpt":{"rendered":"<p>Ich h\u00e4tte mir fr\u00fcher nie tr\u00e4umen lassen, dass ich jemals schreiben w\u00fcrde! Lesen? Ja, das war in unserer Familie schon immer eine Selbstverst\u00e4ndlichkeit, aber schreiben? &hellip; <\/p>\n","protected":false},"author":3,"featured_media":0,"parent":0,"menu_order":0,"comment_status":"closed","ping_status":"closed","template":"","meta":{"footnotes":""},"class_list":["post-2728","page","type-page","status-publish","hentry"],"_links":{"self":[{"href":"https:\/\/www.herbstwind-online.de\/wordpress\/wp-json\/wp\/v2\/pages\/2728","targetHints":{"allow":["GET"]}}],"collection":[{"href":"https:\/\/www.herbstwind-online.de\/wordpress\/wp-json\/wp\/v2\/pages"}],"about":[{"href":"https:\/\/www.herbstwind-online.de\/wordpress\/wp-json\/wp\/v2\/types\/page"}],"author":[{"embeddable":true,"href":"https:\/\/www.herbstwind-online.de\/wordpress\/wp-json\/wp\/v2\/users\/3"}],"replies":[{"embeddable":true,"href":"https:\/\/www.herbstwind-online.de\/wordpress\/wp-json\/wp\/v2\/comments?post=2728"}],"version-history":[{"count":6,"href":"https:\/\/www.herbstwind-online.de\/wordpress\/wp-json\/wp\/v2\/pages\/2728\/revisions"}],"predecessor-version":[{"id":2776,"href":"https:\/\/www.herbstwind-online.de\/wordpress\/wp-json\/wp\/v2\/pages\/2728\/revisions\/2776"}],"wp:attachment":[{"href":"https:\/\/www.herbstwind-online.de\/wordpress\/wp-json\/wp\/v2\/media?parent=2728"}],"curies":[{"name":"wp","href":"https:\/\/api.w.org\/{rel}","templated":true}]}}