{"id":349,"date":"2019-05-10T14:11:31","date_gmt":"2019-05-10T12:11:31","guid":{"rendered":"http:\/\/www.herbstwind-online.de\/wordpress\/?page_id=349"},"modified":"2023-11-21T13:21:35","modified_gmt":"2023-11-21T12:21:35","slug":"impressum","status":"publish","type":"page","link":"https:\/\/www.herbstwind-online.de\/wordpress\/impressum\/","title":{"rendered":"Impressum"},"content":{"rendered":"<p>Kreisverwaltung S\u00fcdwestpfalz<br \/>\nUnterer Sommerwaldweg 40-42<br \/>\n66953 Pirmasens<\/p>\n<p>Telefon: 06331-809-0<br \/>\nTelefax: 06331-809-108<\/p>\n<p>E-Mail: <a href=\"mailto:kv@lksuedwestpfalz.de\">kv@lksuedwestpfalz.de<\/a><\/p>\n<p>Internet: <a href=\"http:\/\/www.lksuedwestpfalz.de\" target=\"_blank\" rel=\"noopener noreferrer\">www.lksuedwestpfalz.de<\/a><\/p>\n<p>Der Landkreis S\u00fcdwestpfalz ist eine K\u00f6rperschaft<br \/>\ndes \u00d6ffentlichen Rechts.<\/p>\n<p>Sie wird vertreten durch die Landr\u00e4tin: Dr. Susanne Ganster<br \/>\nInhaltlich Verantwortlich gem\u00e4ss \u00a7 6 MDStV ist die Leitstelle \u00c4lter werden<\/p>\n<p>Haftungshinweis:<\/p>\n<p>Rechtliche Hinweise<\/p>\n<p>Haftungsausschluss (eigene Seiten)<\/p>\n<p>Der Landkreis S\u00fcdwestpfalz \u00fcbernimmt keine Haftung oder Garantie f\u00fcr die Aktualit\u00e4t, Richtigkeit oder Vollst\u00e4ndigkeit der auf dieser Website bereitgestellten Informationen und damit auch keine Haftung f\u00fcr direkte oder indirekte Sch\u00e4den, die aus der Benutzung diese Website entstehen k\u00f6nnen.<\/p>\n<p>Haftungsausschluss (fremde Seiten)<\/p>\n<p>Sofern auf Links direkt oder indirekt verwiesen wird, die au\u00dferhalb des Verantwortungsbereiches des Landkreises S\u00fcdwestpfalz liegen, wird keine Haftung oder Garantie f\u00fcr die Aktualit\u00e4t, Richtigkeit oder Vollst\u00e4ndigkeit der Inhalte der jeweiligen Websites, der Rechtm\u00e4\u00dfigkeit oder der Erf\u00fcllung der Bestimmungen \u00fcber die Urheberrechte \u00fcbernommen. Der Landkreis S\u00fcdwestpfalz \u00fcbernimmt keine Haftung f\u00fcr direkte oder indirekte Sch\u00e4den, die aus der Benutzung dieser Websites entstehen k\u00f6nnen.<br \/>\nWeiterhin kann die Web-Seite des Landkreises S\u00fcdwestpfalz &#8222;www.Herbstwind-online.de&#8220; ohne Wissen des Landkreises von einer anderen Seite mittels Hyperlink angelinkt worden sein. Der Landkreis \u00fcbernimmt keine Verantwortung f\u00fcr Darstellung, Inhalt oder irgendeine Verbindung zu seinen Web-Seiten<\/p>\n<p>Urheberrechtsschutz<\/p>\n<p>Das Layout, das Design und die Inhalte der Website &#8222;www.Herbstwind-online.de&#8220; des Landkreises S\u00fcdwestpfalz sind urheberrechtlich gesch\u00fctzt. Die Vervielf\u00e4ltigung oder Verwendung der Website oder von Teilen der Website, insbesondere von Texten, Textteilen, Bildern und Grafiken, bedarf der ausdr\u00fccklichen Erlaubnis der Kreisverwaltung S\u00fcdwestpfalz.<\/p>\n<p>Diese Hinweise gelten nur f\u00fcr das Angebot des Landkreises. Soweit \u00fcber Querverweise (Links) auf Inhalte anderer Anbieter verwiesen wird, kann deren Datennutzung nach anderen als den oben dargestellten Grunds\u00e4tzen erfolgen. Derartige Querverweise sind im Angebot des Landkreises besonders gekennzeichnet.<\/p>\n<p><strong>Quellenangaben f\u00fcr die verwendeten Bilder und Grafiken:<\/strong><\/p>\n<p>\u00a9 Pixabay www.pixabay.com<\/p>\n<hr size=\"1\" width=\"100%\" \/>\n","protected":false},"excerpt":{"rendered":"<p>Kreisverwaltung S\u00fcdwestpfalz Unterer Sommerwaldweg 40-42 66953 Pirmasens Telefon: 06331-809-0 Telefax: 06331-809-108 E-Mail: kv@lksuedwestpfalz.de Internet: www.lksuedwestpfalz.de Der Landkreis S\u00fcdwestpfalz ist eine K\u00f6rperschaft des \u00d6ffentlichen Rechts. Sie &hellip; <\/p>\n","protected":false},"author":2,"featured_media":0,"parent":0,"menu_order":0,"comment_status":"closed","ping_status":"closed","template":"","meta":{"footnotes":""},"class_list":["post-349","page","type-page","status-publish","hentry"],"_links":{"self":[{"href":"https:\/\/www.herbstwind-online.de\/wordpress\/wp-json\/wp\/v2\/pages\/349","targetHints":{"allow":["GET"]}}],"collection":[{"href":"https:\/\/www.herbstwind-online.de\/wordpress\/wp-json\/wp\/v2\/pages"}],"about":[{"href":"https:\/\/www.herbstwind-online.de\/wordpress\/wp-json\/wp\/v2\/types\/page"}],"author":[{"embeddable":true,"href":"https:\/\/www.herbstwind-online.de\/wordpress\/wp-json\/wp\/v2\/users\/2"}],"replies":[{"embeddable":true,"href":"https:\/\/www.herbstwind-online.de\/wordpress\/wp-json\/wp\/v2\/comments?post=349"}],"version-history":[{"count":4,"href":"https:\/\/www.herbstwind-online.de\/wordpress\/wp-json\/wp\/v2\/pages\/349\/revisions"}],"predecessor-version":[{"id":2049,"href":"https:\/\/www.herbstwind-online.de\/wordpress\/wp-json\/wp\/v2\/pages\/349\/revisions\/2049"}],"wp:attachment":[{"href":"https:\/\/www.herbstwind-online.de\/wordpress\/wp-json\/wp\/v2\/media?parent=349"}],"curies":[{"name":"wp","href":"https:\/\/api.w.org\/{rel}","templated":true}]}}